{"id":11,"date":"2019-06-20T14:42:21","date_gmt":"2019-06-20T18:42:21","guid":{"rendered":"https:\/\/www.norlift.ca\/?page_id=11"},"modified":"2021-09-17T13:33:09","modified_gmt":"2021-09-17T17:33:09","slug":"pieces-services","status":"publish","type":"page","link":"https:\/\/www.norlift.ca\/fr\/pieces-services\/","title":{"rendered":"Pi\u00e8ces et Services"},"content":{"rendered":"<section class=\"h1-container\">\n<div class=\"container\">\n<div class=\"row align-items-center\">\n<div class=\"col-xl-6 d-none d-xl-block\">\n<div class=\"lc-block\">\n<div lc-helper=\"shortcode\" class=\"live-shortcode\"><div class=\"site-logo\"><a href=\"https:\/\/www.norlift.ca\/fr\/\" class=\"custom-logo-link\" rel=\"home\"><picture><source srcset=\"https:\/\/www.norlift.ca\/wp-content\/uploads\/2026\/03\/logo_with_hangcha.webp\" type=\"image\/webp\"><img loading=\"lazy\" decoding=\"async\" width=\"801\" height=\"329\" src=\"https:\/\/www.norlift.ca\/wp-content\/uploads\/2026\/03\/logo_with_hangcha.png\" class=\"custom-logo\" alt=\"Les \u00c9quipements Norlift Lt\u00e9e\" srcset=\"https:\/\/www.norlift.ca\/wp-content\/uploads\/2026\/03\/logo_with_hangcha.png 801w, https:\/\/www.norlift.ca\/wp-content\/uploads\/2026\/03\/logo_with_hangcha-350x144.png 350w, https:\/\/www.norlift.ca\/wp-content\/uploads\/2026\/03\/logo_with_hangcha-768x315.png 768w, https:\/\/www.norlift.ca\/wp-content\/uploads\/2026\/03\/logo_with_hangcha-534x219.png 534w\" sizes=\"auto, (max-width: 801px) 100vw, 801px\" \/><\/picture><\/a><\/div><\/div>\n<\/p><\/div>\n<p><!-- \/lc-block -->\n\t\t\t<\/div>\n<p><!-- \/col --><\/p>\n<div class=\"col-12 col-xl-6\">\n<div class=\"h1-div\">\n<div class=\"lc-block\">\n<div editable=\"rich\">\n<h1>Pi\u00e8ces et accessoires de chariots \u00e9l\u00e9vateurs \u00e0 Mont\u00e9r\u00e9gie et dans la r\u00e9gion du grand Montr\u00e9al<\/h1>\n<\/p><\/div>\n<\/p><\/div>\n<p><!-- \/lc-block --><\/p>\n<div class=\"lc-block\">\n<div lc-helper=\"shortcode\" class=\"live-shortcode\"><a class=\"contact btn\" href=\"https:\/\/www.norlift.ca\/fr\/contact\/\" aria-label=\"Demandez de l&rsquo;information\">Demandez de l&rsquo;information<\/a><\/div>\n<\/p><\/div>\n<p><!-- \/lc-block -->\n\t\t\t\t<\/div>\n<\/p><\/div>\n<p><!-- \/col -->\n\t\t<\/div>\n<\/p><\/div>\n<\/section>\n<section class=\"content-container\">\n<div class=\"container\">\n<div class=\"row\">\n<div class=\"col-lg-7\">\n<div class=\"lc-block pr-lg-3\">\n<div editable=\"rich\">\n<h2 class=\"\">Pi\u00e8ces et accessoires de chariots \u00e9l\u00e9vateurs \u00e0 Mont\u00e9r\u00e9gie<\/h2>\n<p>En Mont\u00e9r\u00e9gie, nous nous distinguons gr\u00e2ce \u00e0 la qualit\u00e9 de nos services qui sont toujours orient\u00e9s vers la satisfaction de nos clients. Nous travaillons avec rapidit\u00e9, pr\u00e9cision et sans limite, ce qui signifie que nous faisons tout pour r\u00e9pondre \u00e0 vos besoins en chariots \u00e9l\u00e9vateurs en tout temps, quels que soient leurs sp\u00e9cificit\u00e9s. C\u2019est d\u2019ailleurs ce qui a contribu\u00e9 \u00e0 b\u00e2tir notre r\u00e9putation dans la r\u00e9gion au fil des ans.<\/p>\n<p>Que ce soit pour la vente, l\u2019achat, la location ou m\u00eame l\u2019entretien de toutes vos machines ou d\u2019\u00e9quipements tels que les chariots \u00e9l\u00e9vateurs, les nacelles, les transpalettes, les lifts t\u00e9lescopiques, etc., nous vous invitons \u00e0 consulter notre inventaire, vous n\u2019en serez pas d\u00e9\u00e7us. Nos experts sauront exactement comment vous conseiller et vous orienter vers les meilleures pratiques et options pour vous, que ce soit pour votre entreprise ou pour tout autre projet, nous restons \u00e0 votre disposition.<\/p>\n<\/p><\/div>\n<\/p><\/div>\n<p><!-- \/lc-block --><\/p>\n<div class=\"lc-block\">\n<div lc-helper=\"shortcode\" class=\"live-shortcode\"><a class=\"contact btn\" href=\"https:\/\/www.norlift.ca\/fr\/contact\/\" aria-label=\"Contactez-nous\">Contactez-nous<\/a><\/div>\n<\/p><\/div>\n<p><!-- \/lc-block -->\n\t\t\t<\/div>\n<p><!-- \/col --><\/p>\n<div class=\"col-lg-5\">\n<div class=\"lc-block mt-4 mt-lg-0\">\n\t\t\t\t\t<picture><source srcset=\"https:\/\/www.norlift.ca\/wp-content\/uploads\/2021\/09\/chariots-elecateurs.webp\" type=\"image\/webp\"><img decoding=\"async\" class=\"img-fluid\" src=\"https:\/\/www.norlift.ca\/wp-content\/uploads\/2021\/09\/chariots-elecateurs.jpg\" alt=\"\"><\/picture>\n\t\t\t\t<\/div>\n<p><!-- \/lc-block -->\n\t\t\t<\/div>\n<p><!-- \/col -->\n\t\t<\/div>\n<\/p><\/div>\n<\/section>\n<section class=\"content-container top-small-border\">\n<div class=\"container\">\n<div class=\"row\">\n<div class=\"col-lg-5 order-last order-lg-first\">\n<div class=\"lc-block mt-4 mt-lg-0\">\n\t\t\t\t\t<picture><source srcset=\"https:\/\/www.norlift.ca\/wp-content\/uploads\/2021\/09\/machinerie.webp\" type=\"image\/webp\"><img decoding=\"async\" class=\"img-fluid\" src=\"https:\/\/www.norlift.ca\/wp-content\/uploads\/2021\/09\/machinerie.jpg\" alt=\"\"><\/picture>\n\t\t\t\t<\/div>\n<p><!-- \/lc-block -->\n\t\t\t<\/div>\n<p><!-- \/col --><\/p>\n<div class=\"col-lg-7 order-first order-lg-last\">\n<div class=\"lc-block pr-lg-3\">\n<div editable=\"rich\">\n<h2 class=\"h3\">B\u00e9n\u00e9ficiez de notre machinerie, nos chariots \u00e9l\u00e9vateurs et nacelles!<\/h2>\n<p>Norlift vous offre tout ce dont vous aurez besoin \u00e0 un seul et m\u00eame endroit. Nous nous sp\u00e9cialisons dans la vente, l\u2019achat, la location de chariot \u00e9l\u00e9vateur et nous nous assurons de vous offrir le service qu\u2019il faut pour vous aider \u00e0 faire vote choix et r\u00e9pondre \u00e0 toutes vos questions.<\/p>\n<p>Nous disposons de pi\u00e8ces uniques et d\u2019un large inventaire de chariots \u00e9l\u00e9vateurs qui correspondent \u00e0 votre demande. Notre but est avant tout de r\u00e9pondre \u00e0 vos besoins du mieux possible et de vous faciliter la t\u00e2che au maximum. Nous mettons \u00e0 disposition nos employ\u00e9s experts et qualifi\u00e9s qui sauront exactement comment vous aider. Vous pouvez consulter notre inventaire ou nous contacter si vous avez des questions ou pour une demande de soumission.<\/p>\n<\/p><\/div>\n<\/p><\/div>\n<p><!-- \/lc-block --><\/p>\n<div class=\"lc-block\">\n<div lc-helper=\"shortcode\" class=\"live-shortcode\"><a class=\"contact btn\" href=\"https:\/\/www.norlift.ca\/fr\/contact\/\" aria-label=\"Contactez-nous\">Contactez-nous<\/a><\/div>\n<\/p><\/div>\n<p><!-- \/lc-block -->\n\t\t\t<\/div>\n<p><!-- \/col -->\n\t\t<\/div>\n<\/p><\/div>\n<\/section>\n<section class=\"content-container top-small-border\">\n<div class=\"container\">\n<div class=\"row\">\n<div class=\"col-md-12\">\n<div class=\"lc-block\">\n<div editable=\"rich\">\n<h2>Services<\/h2>\n<\/p><\/div>\n<\/p><\/div>\n<p><!-- \/lc-block --><\/p>\n<div class=\"lc-block\">\n<div lc-helper=\"shortcode\" class=\"live-shortcode\"><div class=\"services-list row justify-content-center\"><div class=\"col-12 col-md-6 col-lg-3\"><div class=\"service-item text-center\"><div class=\"service-item-img\"><img decoding=\"async\" src=\"\/wp-content\/uploads\/2021\/09\/reparation-icon.png\" alt=\"R\u00e9parations de chariots \u00e9l\u00e9vateurs\"><\/div><p>R\u00e9parations de chariots \u00e9l\u00e9vateurs<\/p><\/div><\/div><div class=\"col-12 col-md-6 col-lg-3\"><div class=\"service-item text-center\"><div class=\"service-item-img\"><img decoding=\"async\" src=\"\/wp-content\/uploads\/2021\/09\/entretien-icon.png\" alt=\"Entretien de chariots \u00e9l\u00e9vateurs\"><\/div><p>Entretien de chariots \u00e9l\u00e9vateurs<\/p><\/div><\/div><div class=\"col-12 col-md-6 col-lg-3\"><div class=\"service-item text-center\"><div class=\"service-item-img\"><img decoding=\"async\" src=\"\/wp-content\/uploads\/2021\/09\/vente-icon-copie.png\" alt=\"Vente de chariots \u00e9l\u00e9vateurs\"><\/div><p>Vente de chariots \u00e9l\u00e9vateurs<\/p><\/div><\/div><div class=\"col-12 col-md-6 col-lg-3\"><div class=\"service-item text-center\"><div class=\"service-item-img\"><img decoding=\"async\" src=\"\/wp-content\/uploads\/2021\/09\/location-icon.png\" alt=\"Location de chariots \u00e9l\u00e9vateurs\"><\/div><p>Location de chariots \u00e9l\u00e9vateurs<\/p><\/div><\/div><\/div><\/div>\n<\/p><\/div>\n<p><!-- \/lc-block -->\n\t\t\t<\/div>\n<p><!-- \/col -->\n\t\t<\/div>\n<\/p><\/div>\n<\/section>\n<section class=\"content-container top-small-border\">\n<div class=\"container\">\n<div class=\"row\">\n<div class=\"col-lg-7\">\n<div class=\"lc-block pr-lg-3\">\n<div editable=\"rich\">\n<h2 class=\"h2\">Quels sont les mod\u00e8les de chariots \u00e9l\u00e9vateurs disponibles?<\/h2>\n<p>Nous offrons une vari\u00e9t\u00e9 de pi\u00e8ces et d\u2019\u00e9quipements. Afin de vous aider \u00e0 faire le bon choix et de nous assurer que nous r\u00e9pondons \u00e0 vos besoins, nous mettons \u00e0 disposition notre \u00e9quipe qui saura comment vous orienter afin d\u2019assurer que vous preniez la bonne direction.<\/p>\n<p>Pour cela, n\u2019h\u00e9sitez pas \u00e0 venir nous rencontrer si vous \u00eates dans la r\u00e9gion de la Mont\u00e9r\u00e9gie ou \u00e0 nous appeler au 450-649-3322. Nous pourrons vous aider avec une soumission et vous donner plus d\u2019informations selon ce que vous recherchez. De cette mani\u00e8re, vous pourrez aussi b\u00e9n\u00e9ficier de nos services, que ce soit pour la vente, la location, l\u2019achat ou m\u00eame l\u2019entretien d\u2019un chariot \u00e9l\u00e9vateur ou autre machine.<\/p>\n<\/p><\/div>\n<\/p><\/div>\n<p><!-- \/lc-block --><\/p>\n<div class=\"lc-block\">\n<div lc-helper=\"shortcode\" class=\"live-shortcode\"><a class=\"contact btn\" href=\"https:\/\/www.norlift.ca\/fr\/contact\/\" aria-label=\"Contactez-nous\">Contactez-nous<\/a><\/div>\n<\/p><\/div>\n<p><!-- \/lc-block -->\n\t\t\t<\/div>\n<p><!-- \/col --><\/p>\n<div class=\"col-lg-5\">\n<div class=\"lc-block mt-4 mt-lg-0\">\n\t\t\t\t\t<picture><source srcset=\"https:\/\/www.norlift.ca\/wp-content\/uploads\/2021\/09\/machinerie.webp\" type=\"image\/webp\"><img decoding=\"async\" class=\"img-fluid\" src=\"https:\/\/www.norlift.ca\/wp-content\/uploads\/2021\/09\/machinerie.jpg\" alt=\"\"><\/picture>\n\t\t\t\t<\/div>\n<p><!-- \/lc-block -->\n\t\t\t<\/div>\n<p><!-- \/col -->\n\t\t<\/div>\n<\/p><\/div>\n<\/section>\n","protected":false},"excerpt":{"rendered":"<p>Pi\u00e8ces et accessoires de chariots \u00e9l\u00e9vateurs \u00e0 Mont\u00e9r\u00e9gie et dans la r\u00e9gion du grand Montr\u00e9al Pi\u00e8ces et accessoires de chariots \u00e9l\u00e9vateurs \u00e0 Mont\u00e9r\u00e9gie En Mont\u00e9r\u00e9gie, nous nous distinguons gr\u00e2ce \u00e0 la qualit\u00e9 de nos services qui sont toujours orient\u00e9s vers la satisfaction de nos clients. Nous travaillons avec rapidit\u00e9, pr\u00e9cision et sans limite, ce qui [&hellip;]<\/p>\n","protected":false},"author":1,"featured_media":0,"parent":0,"menu_order":0,"comment_status":"closed","ping_status":"closed","template":"","meta":{"_acf_changed":false,"footnotes":""},"class_list":["post-11","page","type-page","status-publish","hentry"],"acf":[],"_links":{"self":[{"href":"https:\/\/www.norlift.ca\/fr\/wp-json\/wp\/v2\/pages\/11","targetHints":{"allow":["GET"]}}],"collection":[{"href":"https:\/\/www.norlift.ca\/fr\/wp-json\/wp\/v2\/pages"}],"about":[{"href":"https:\/\/www.norlift.ca\/fr\/wp-json\/wp\/v2\/types\/page"}],"author":[{"embeddable":true,"href":"https:\/\/www.norlift.ca\/fr\/wp-json\/wp\/v2\/users\/1"}],"replies":[{"embeddable":true,"href":"https:\/\/www.norlift.ca\/fr\/wp-json\/wp\/v2\/comments?post=11"}],"version-history":[{"count":37,"href":"https:\/\/www.norlift.ca\/fr\/wp-json\/wp\/v2\/pages\/11\/revisions"}],"predecessor-version":[{"id":517,"href":"https:\/\/www.norlift.ca\/fr\/wp-json\/wp\/v2\/pages\/11\/revisions\/517"}],"wp:attachment":[{"href":"https:\/\/www.norlift.ca\/fr\/wp-json\/wp\/v2\/media?parent=11"}],"curies":[{"name":"wp","href":"https:\/\/api.w.org\/{rel}","templated":true}]}}