{"id":2,"date":"2019-06-20T18:04:18","date_gmt":"2019-06-20T18:04:18","guid":{"rendered":"https:\/\/www.norlift.ca\/?page_id=2"},"modified":"2026-01-09T11:21:22","modified_gmt":"2026-01-09T16:21:22","slug":"sample-page","status":"publish","type":"page","link":"https:\/\/www.norlift.ca\/fr\/","title":{"rendered":"Page d&rsquo;accueil"},"content":{"rendered":"<section class=\"h1-container\">\n<div class=\"container\">\n<div class=\"row align-items-center\">\n<div class=\"col-xl-6 d-none d-xl-block\">\n<div class=\"lc-block\">\n<div lc-helper=\"shortcode\" class=\"live-shortcode\"><div class=\"site-logo\"><a href=\"https:\/\/www.norlift.ca\/fr\/\" class=\"custom-logo-link\" rel=\"home\"><picture><source srcset=\"https:\/\/www.norlift.ca\/wp-content\/uploads\/2026\/03\/logo_with_hangcha.webp\" type=\"image\/webp\"><img loading=\"lazy\" decoding=\"async\" width=\"801\" height=\"329\" src=\"https:\/\/www.norlift.ca\/wp-content\/uploads\/2026\/03\/logo_with_hangcha.png\" class=\"custom-logo\" alt=\"Les \u00c9quipements Norlift Lt\u00e9e\" srcset=\"https:\/\/www.norlift.ca\/wp-content\/uploads\/2026\/03\/logo_with_hangcha.png 801w, https:\/\/www.norlift.ca\/wp-content\/uploads\/2026\/03\/logo_with_hangcha-350x144.png 350w, https:\/\/www.norlift.ca\/wp-content\/uploads\/2026\/03\/logo_with_hangcha-768x315.png 768w, https:\/\/www.norlift.ca\/wp-content\/uploads\/2026\/03\/logo_with_hangcha-534x219.png 534w\" sizes=\"auto, (max-width: 801px) 100vw, 801px\" \/><\/picture><\/a><\/div><\/div>\n<\/p><\/div>\n<p><!-- \/lc-block -->\n\t\t\t<\/div>\n<p><!-- \/col --><\/p>\n<div class=\"col-12 col-xl-6\">\n<div class=\"h1-div\">\n<div class=\"lc-block\">\n<div editable=\"rich\">\n<h1>Service de m\u00e9canique et chariots \u00e9l\u00e9vateurs partout au Qu\u00e9bec<\/h1>\n<\/p><\/div>\n<\/p><\/div>\n<p><!-- \/lc-block --><\/p>\n<div class=\"lc-block\">\n<div lc-helper=\"shortcode\" class=\"live-shortcode\"><a class=\"contact btn\" href=\"https:\/\/www.norlift.ca\/fr\/contact\/\" aria-label=\"Demandez de l&rsquo;information\">Demandez de l&rsquo;information<\/a><\/div>\n<\/p><\/div>\n<p><!-- \/lc-block -->\n\t\t\t\t<\/div>\n<\/p><\/div>\n<p><!-- \/col -->\n\t\t<\/div>\n<\/p><\/div>\n<\/section>\n<section class=\"content-container\">\n<div class=\"container\">\n<div class=\"row\">\n<div class=\"col-lg-7\">\n<div class=\"lc-block pr-lg-3\">\n<div editable=\"rich\">\n<h2 class=\"h1\">D\u00e9couvrez l&rsquo;histoire de Norlift et nos services adapt\u00e9s \u00e0 vos besoins<\/h2>\n<p>Les \u00c9quipements Norlift Lt\u00e9e est une compagnie qui a \u00e9t\u00e9 fond\u00e9e en 1974 par M. Normand Tremblay et qui \u00e9tait initialement install\u00e9e \u00e0 Saint-Amable. Au fil des ans, Norlift se b\u00e2tit une r\u00e9putation solide gr\u00e2ce \u00e0 son service hors pair et son expertise en m\u00e9canique de chariots \u00e9l\u00e9vateurs. Son vaste choix de pi\u00e8ces a aussi contribu\u00e9 \u00e0 sa r\u00e9putation \u00e0 travers toute la province.<\/p>\n<p>En 1995, la compagnie se relocalise \u00e0 Sainte-Julie et continue de servir ses clients avec honn\u00eatet\u00e9 et d\u00e9vouement constant pour garantir leur satisfaction.<\/p>\n<p>C\u2019est 14 ans plus tard, en 2009, que M. Denis Baribeau prend possession de la compagnie et apporte une touche d\u2019innovation. Son approche jeune et dynamique ainsi que sa connaissance des nouvelles technologies des chariots \u00e9l\u00e9vateurs am\u00e8nent l\u2019entreprise \u00e0 un niveau sup\u00e9rieur. D\u00e9sormais situ\u00e9e sur la Rive-Sud et la Rive-Nord, c\u2019est avec le plus grand des plaisirs que l\u2019\u00e9quipe de Norlift est pr\u00eate \u00e0 servir les petites, comme les grandes entreprises pour la r\u00e9paration, l\u2019entretien, la vente, l\u2019achat et la location d\u2019\u00e9quipements de manutention et particuli\u00e8rement les chariots \u00e9l\u00e9vateurs.<\/p>\n<p>Pour plus d\u2019informations sur nos chariots \u00e9l\u00e9vateurs, appelez-nous d\u00e8s aujourd\u2019hui au 450-649-3322<\/p>\n<\/p><\/div>\n<\/p><\/div>\n<p><!-- \/lc-block --><\/p>\n<div class=\"lc-block\">\n<div lc-helper=\"shortcode\" class=\"live-shortcode\"><a class=\"contact btn\" href=\"https:\/\/www.norlift.ca\/fr\/contact\/\" aria-label=\"Contactez-nous\">Contactez-nous<\/a><\/div>\n<\/p><\/div>\n<p><!-- \/lc-block -->\n\t\t\t<\/div>\n<p><!-- \/col --><\/p>\n<div class=\"col-lg-5\">\n<div class=\"lc-block mt-4 mt-lg-0\">\n\t\t\t\t\t<picture><source srcset=\"https:\/\/www.norlift.ca\/wp-content\/uploads\/2021\/09\/history-copie.webp\" type=\"image\/webp\"><img decoding=\"async\" class=\"img-fluid\" src=\"https:\/\/www.norlift.ca\/wp-content\/uploads\/2021\/09\/history-copie.jpg\" alt=\"\"><\/picture>\n\t\t\t\t<\/div>\n<p><!-- \/lc-block -->\n\t\t\t<\/div>\n<p><!-- \/col -->\n\t\t<\/div>\n<\/p><\/div>\n<\/section>\n<section class=\"equipe-container\">\n<div class=\"container\">\n<div class=\"row\">\n<div class=\"col-md-12\">\n<div class=\"lc-block\">\n<div editable=\"rich\">\n<h2>Notre \u00e9quipe de Norlift est disponible pour vous aider<\/h2>\n<\/p><\/div>\n<\/p><\/div>\n<p><!-- \/lc-block --><\/p>\n<div class=\"lc-block\">\n<div lc-helper=\"shortcode\" class=\"live-shortcode\"><div class=\"equipe-slider\"><ul class=\"slides\"><li class=\"unMembre slide\"><div class=\"membre_img\"><img src='https:\/\/www.norlift.ca\/wp-content\/uploads\/2019\/06\/Denis-1.jpg' alt='Denis Baribeau' class='membrePhoto' \/><\/div><div class=\"membre_details\"><p class=\"membreNom\">Denis Baribeau<\/p><p class=\"membreRole\">Propri\u00e9taire<\/p><p class=\"desc\">Homme passionn\u00e9 par son m\u00e9tier, il ne peut r\u00e9sister \u00e0 l\u2019appel d\u2019un nouveau d\u00e9fi. Il sera votre r\u00e9f\u00e9rence o\u00f9 toutes les autres compagnies ont \u00e9chou\u00e9. Mettez-le au d\u00e9fi!<\/p><\/div><\/li><li class=\"unMembre slide\"><div class=\"membre_img\"><img src='https:\/\/www.norlift.ca\/wp-content\/uploads\/2019\/06\/jean-pierre-1.jpg' alt='Jean-Pierre Baribeau' class='membrePhoto' \/><\/div><div class=\"membre_details\"><p class=\"membreNom\">Jean-Pierre Baribeau<\/p><p class=\"membreRole\">Premier retrait\u00e9 Norlift<\/p><p class=\"desc\">Astuce et tour de magie, il sort de son chapeau la solution id\u00e9ale pour vous. Homme d\u2019exp\u00e9rience en gestion, il vous impressionnera \u00e0 tout coup!<\/p><\/div><\/li><li class=\"unMembre slide\"><div class=\"membre_img\"><img src='https:\/\/www.norlift.ca\/wp-content\/uploads\/2019\/06\/Melissa-3.jpg' alt='M\u00e9lissa C\u00f4t\u00e9' class='membrePhoto' \/><\/div><div class=\"membre_details\"><p class=\"membreNom\">M\u00e9lissa C\u00f4t\u00e9<\/p><p class=\"membreRole\">Adjointe Administrative<\/p><\/div><\/li><li class=\"unMembre slide\"><div class=\"membre_img\"><img src='https:\/\/www.norlift.ca\/wp-content\/uploads\/2019\/06\/Pierre-3.jpg' alt='Pierre Lamoureux' class='membrePhoto' \/><\/div><div class=\"membre_details\"><p class=\"membreNom\">Pierre Lamoureux<\/p><p class=\"membreRole\">Technicien M\u00e9canique<\/p><\/div><\/li><li class=\"unMembre slide\"><div class=\"membre_img\"><img src='https:\/\/www.norlift.ca\/wp-content\/uploads\/2019\/06\/Pascal-site-Web.jpg' alt='Pascal Parmentier' class='membrePhoto' \/><\/div><div class=\"membre_details\"><p class=\"membreNom\">Pascal Parmentier<\/p><p class=\"membreRole\">Pi\u00e8ces et Services<\/p><\/div><\/li><li class=\"unMembre slide\"><div class=\"membre_img\"><img src='https:\/\/www.norlift.ca\/wp-content\/uploads\/2019\/06\/Xavier-site-web.jpg' alt='Xavier Coutu' class='membrePhoto' \/><\/div><div class=\"membre_details\"><p class=\"membreNom\">Xavier Coutu<\/p><p class=\"membreRole\">Technicien M\u00e9canicien<\/p><\/div><\/li><li class=\"unMembre slide\"><div class=\"membre_img\"><img src='https:\/\/www.norlift.ca\/wp-content\/uploads\/2019\/06\/steve.jpg' alt='Steve Jean' class='membrePhoto' \/><\/div><div class=\"membre_details\"><p class=\"membreNom\">Steve Jean<\/p><p class=\"membreRole\">M\u00e9canicien <\/p><\/div><\/li><\/ul><\/div><\/div>\n<\/p><\/div>\n<p><!-- \/lc-block -->\n\t\t\t<\/div>\n<p><!-- \/col -->\n\t\t<\/div>\n<\/p><\/div>\n<\/section>\n<section class=\"emplois_container\">\n<div class=\"container\">\n<div class=\"row\">\n<div class=\"col-12\">\n<div class=\"lc-block\">\n<div editable=\"rich\">\n<h2>Rejoignez l&rsquo;\u00e9quipe de Norlift !<\/h2>\n<\/p><\/div>\n<\/p><\/div>\n<p><!-- \/lc-block -->\n\t\t\t<\/div>\n<div class=\"col-lg-3 d-none d-lg-block\">\n<div class=\"lc-block emplois-icon d-flex justify-content-center align-items-start\">\n\t\t\t\t\t<img decoding=\"async\" class=\"img-fluid\" src=\"https:\/\/www.www.norlift.ca\/wp-content\/uploads\/2019\/06\/emplois-icon-2.png\" alt=\"\">\n\t\t\t\t<\/div>\n<p><!-- \/lc-block -->\n\t\t\t<\/div>\n<p><!-- \/col --><\/p>\n<div class=\"col-lg-8 col-xl-7 col-xxl-6\">\n<div class=\"lc-block\">\n<div lc-helper=\"shortcode\" class=\"live-shortcode\"><div class=\"mesEmplois\"><div class=\"unEmplois d-flex flex-wrap align-items-start\"><div class=\"emploisDetails\"><p class=\"titre collapsed\" data-toggle=\"collapse\" data-target=\"#mecanicien_details\">M\u00e9canicien <span>Voir d\u00e9tails<\/span><\/p><div class=\"details panel-collapse collapse\" id=\"mecanicien_details\"><p>Les \u00c9quipement Norlift sont \u00e0 la recherche d\u2019un bon m\u00e9canicien dans le domaine du chariot \u00e9l\u00e9vateur au propane, \u00e9lectrique ou diesel, pour effectuer les r\u00e9paration directement \u00e0 notre garage. La personne peut \u00eatre appel\u00e9 a aller chez un client a l\u2019occasion! Nous recherchons une personne dynamique pour rejoindre notre \u00e9quipe dynamique.<\/p>\r\n<p>\u00c7a vous int\u00e9resse appeler nous 450-649-3322<\/p><a class=\"btn contact transparent-bg white-border ml-auto d-md-none\" href=\"https:\/\/www.norlift.ca\/fr\/carriere\/mecanicien\/\" aria-label=\"Appliquez en ligne\">Appliquez en ligne<\/a><\/div><\/div><a class=\"btn contact transparent-bg white-border ml-auto d-none d-md-block\" href=\"https:\/\/www.norlift.ca\/fr\/carriere\/mecanicien\/\" aria-label=\"Appliquez en ligne\">Appliquez en ligne<\/a><\/div><\/div><\/div>\n<\/p><\/div>\n<p><!-- \/lc-block -->\n\t\t\t<\/div>\n<p><!-- \/col -->\n\t\t<\/div>\n<\/p><\/div>\n<\/section>\n","protected":false},"excerpt":{"rendered":"<p>Service de m\u00e9canique et chariots \u00e9l\u00e9vateurs partout au Qu\u00e9bec D\u00e9couvrez l&rsquo;histoire de Norlift et nos services adapt\u00e9s \u00e0 vos besoins Les \u00c9quipements Norlift Lt\u00e9e est une compagnie qui a \u00e9t\u00e9 fond\u00e9e en 1974 par M. Normand Tremblay et qui \u00e9tait initialement install\u00e9e \u00e0 Saint-Amable. Au fil des ans, Norlift se b\u00e2tit une r\u00e9putation solide gr\u00e2ce [&hellip;]<\/p>\n","protected":false},"author":1,"featured_media":0,"parent":0,"menu_order":0,"comment_status":"closed","ping_status":"open","template":"","meta":{"_acf_changed":false,"footnotes":""},"class_list":["post-2","page","type-page","status-publish","hentry"],"acf":[],"_links":{"self":[{"href":"https:\/\/www.norlift.ca\/fr\/wp-json\/wp\/v2\/pages\/2","targetHints":{"allow":["GET"]}}],"collection":[{"href":"https:\/\/www.norlift.ca\/fr\/wp-json\/wp\/v2\/pages"}],"about":[{"href":"https:\/\/www.norlift.ca\/fr\/wp-json\/wp\/v2\/types\/page"}],"author":[{"embeddable":true,"href":"https:\/\/www.norlift.ca\/fr\/wp-json\/wp\/v2\/users\/1"}],"replies":[{"embeddable":true,"href":"https:\/\/www.norlift.ca\/fr\/wp-json\/wp\/v2\/comments?post=2"}],"version-history":[{"count":59,"href":"https:\/\/www.norlift.ca\/fr\/wp-json\/wp\/v2\/pages\/2\/revisions"}],"predecessor-version":[{"id":8635,"href":"https:\/\/www.norlift.ca\/fr\/wp-json\/wp\/v2\/pages\/2\/revisions\/8635"}],"wp:attachment":[{"href":"https:\/\/www.norlift.ca\/fr\/wp-json\/wp\/v2\/media?parent=2"}],"curies":[{"name":"wp","href":"https:\/\/api.w.org\/{rel}","templated":true}]}}